{"id":7274,"date":"2024-08-08T09:25:45","date_gmt":"2024-08-08T09:25:45","guid":{"rendered":"https:\/\/fahrion.ihlenfeldt.de\/linktree\/"},"modified":"2025-11-28T09:41:43","modified_gmt":"2025-11-28T09:41:43","slug":"linktree","status":"publish","type":"page","link":"https:\/\/fahrion.de\/en\/linktree\/","title":{"rendered":"LinkTree"},"content":{"rendered":"\t\t<div data-elementor-type=\"wp-page\" data-elementor-id=\"7274\" class=\"elementor elementor-7274 elementor-1585\" data-elementor-post-type=\"page\">\n\t\t\t\t<div class=\"elementor-element elementor-element-f7e4594 e-flex e-con-boxed e-con e-parent\" data-id=\"f7e4594\" data-element_type=\"container\" data-settings=\"{&quot;background_background&quot;:&quot;classic&quot;}\">\n\t\t\t\t\t<div class=\"e-con-inner\">\n\t\t\t\t<div class=\"elementor-element elementor-element-db4e655 elementor-widget elementor-widget-heading\" data-id=\"db4e655\" data-element_type=\"widget\" data-widget_type=\"heading.default\">\n\t\t\t\t<div class=\"elementor-widget-container\">\n\t\t\t\t\t<h1 class=\"elementor-heading-title elementor-size-default\">Fahrion<\/h1>\t\t\t\t<\/div>\n\t\t\t\t<\/div>\n\t\t\t\t<div class=\"elementor-element elementor-element-a08ba85 elementor-widget__width-initial elementor-widget-tablet__width-initial elementor-widget elementor-widget-text-editor\" data-id=\"a08ba85\" data-element_type=\"widget\" data-widget_type=\"text-editor.default\">\n\t\t\t\t<div class=\"elementor-widget-container\">\n\t\t\t\t\t\t\t\t\tYour manufacturer of high-precision clamping systems and collets, used worldwide. For over 115 years, \u201eMade in Germany\u201c. \t\t\t\t\t\t\t\t<\/div>\n\t\t\t\t<\/div>\n\t\t<div class=\"elementor-element elementor-element-cdcfcc1 e-con-full e-flex e-con e-child\" data-id=\"cdcfcc1\" data-element_type=\"container\">\n\t\t\t\t<div class=\"elementor-element elementor-element-c2ca137 elementor-widget__width-initial elementor-tablet-align-right elementor-mobile-align-center elementor-widget-mobile__width-auto elementor-widget elementor-widget-button\" data-id=\"c2ca137\" data-element_type=\"widget\" data-widget_type=\"button.default\">\n\t\t\t\t<div class=\"elementor-widget-container\">\n\t\t\t\t\t\t\t\t\t<div class=\"elementor-button-wrapper\">\n\t\t\t\t\t<a class=\"elementor-button elementor-button-link elementor-size-sm\" href=\"https:\/\/fahrion.de\/en\/contact\/\">\n\t\t\t\t\t\t<span class=\"elementor-button-content-wrapper\">\n\t\t\t\t\t\t<span class=\"elementor-button-icon\">\n\t\t\t\t<svg xmlns=\"http:\/\/www.w3.org\/2000\/svg\" xmlns:xlink=\"http:\/\/www.w3.org\/1999\/xlink\" width=\"14\" height=\"11.721\" viewBox=\"0 0 14 11.721\"><defs><clipPath id=\"clip-path\"><path id=\"Pfad_133\" data-name=\"Pfad 133\" d=\"M0-85.905H14V-97.626H0Z\" transform=\"translate(0 97.626)\" fill=\"none\"><\/path><\/clipPath><\/defs><g id=\"Gruppe_173\" data-name=\"Gruppe 173\" transform=\"translate(0 97.626)\"><g id=\"Gruppe_171\" data-name=\"Gruppe 171\" transform=\"translate(0 -97.626)\" clip-path=\"url(#clip-path)\"><g id=\"Gruppe_170\" data-name=\"Gruppe 170\" transform=\"translate(0 0)\"><path id=\"Pfad_132\" data-name=\"Pfad 132\" d=\"M-102.612-28.32a.351.351,0,0,0-.18-.335q-1.85-1.239-3.693-2.489l-1.54-1.04c0,.516,0,.987,0,1.458a.278.278,0,0,0,.141.265q1.641,1.112,3.276,2.234c.149.1.3.2.447.309a.507.507,0,0,1,.167.573.474.474,0,0,1-.444.342c-.1.009-.193.006-.289.006q-4.51,0-9.02,0c-.024,0-2.839,0-2.86,0v1.36c.018,0,2.83,0,2.852,0q4.555-.006,9.111,0a1.885,1.885,0,0,1,.235.008.494.494,0,0,1,.435.6.586.586,0,0,1-.28.383c-1.208.821-2.413,1.646-3.622,2.465a.29.29,0,0,0-.147.28c.009.351,0,.7,0,1.055v.387c.07-.044.1-.065.138-.088q2.578-1.746,5.158-3.49a.264.264,0,0,0,.115-.26c0-1.34,0-2.68,0-4.02\" transform=\"translate(116.612 32.184)\"><\/path><\/g><\/g><\/g><\/svg>\t\t\t<\/span>\n\t\t\t\t\t\t\t\t\t<span class=\"elementor-button-text\">To Contact-Page<\/span>\n\t\t\t\t\t<\/span>\n\t\t\t\t\t<\/a>\n\t\t\t\t<\/div>\n\t\t\t\t\t\t\t\t<\/div>\n\t\t\t\t<\/div>\n\t\t\t\t<div class=\"elementor-element elementor-element-3f4fc37 elementor-widget__width-initial elementor-tablet-align-right elementor-mobile-align-center elementor-widget-mobile__width-auto elementor-widget elementor-widget-button\" data-id=\"3f4fc37\" data-element_type=\"widget\" data-widget_type=\"button.default\">\n\t\t\t\t<div class=\"elementor-widget-container\">\n\t\t\t\t\t\t\t\t\t<div class=\"elementor-button-wrapper\">\n\t\t\t\t\t<a class=\"elementor-button elementor-button-link elementor-size-sm\" href=\"https:\/\/fahrion.de\/en\/career\/\">\n\t\t\t\t\t\t<span class=\"elementor-button-content-wrapper\">\n\t\t\t\t\t\t<span class=\"elementor-button-icon\">\n\t\t\t\t<svg xmlns=\"http:\/\/www.w3.org\/2000\/svg\" xmlns:xlink=\"http:\/\/www.w3.org\/1999\/xlink\" width=\"14\" height=\"11.721\" viewBox=\"0 0 14 11.721\"><defs><clipPath id=\"clip-path\"><path id=\"Pfad_133\" data-name=\"Pfad 133\" d=\"M0-85.905H14V-97.626H0Z\" transform=\"translate(0 97.626)\" fill=\"none\"><\/path><\/clipPath><\/defs><g id=\"Gruppe_173\" data-name=\"Gruppe 173\" transform=\"translate(0 97.626)\"><g id=\"Gruppe_171\" data-name=\"Gruppe 171\" transform=\"translate(0 -97.626)\" clip-path=\"url(#clip-path)\"><g id=\"Gruppe_170\" data-name=\"Gruppe 170\" transform=\"translate(0 0)\"><path id=\"Pfad_132\" data-name=\"Pfad 132\" d=\"M-102.612-28.32a.351.351,0,0,0-.18-.335q-1.85-1.239-3.693-2.489l-1.54-1.04c0,.516,0,.987,0,1.458a.278.278,0,0,0,.141.265q1.641,1.112,3.276,2.234c.149.1.3.2.447.309a.507.507,0,0,1,.167.573.474.474,0,0,1-.444.342c-.1.009-.193.006-.289.006q-4.51,0-9.02,0c-.024,0-2.839,0-2.86,0v1.36c.018,0,2.83,0,2.852,0q4.555-.006,9.111,0a1.885,1.885,0,0,1,.235.008.494.494,0,0,1,.435.6.586.586,0,0,1-.28.383c-1.208.821-2.413,1.646-3.622,2.465a.29.29,0,0,0-.147.28c.009.351,0,.7,0,1.055v.387c.07-.044.1-.065.138-.088q2.578-1.746,5.158-3.49a.264.264,0,0,0,.115-.26c0-1.34,0-2.68,0-4.02\" transform=\"translate(116.612 32.184)\"><\/path><\/g><\/g><\/g><\/svg>\t\t\t<\/span>\n\t\t\t\t\t\t\t\t\t<span class=\"elementor-button-text\">To Career-Page<\/span>\n\t\t\t\t\t<\/span>\n\t\t\t\t\t<\/a>\n\t\t\t\t<\/div>\n\t\t\t\t\t\t\t\t<\/div>\n\t\t\t\t<\/div>\n\t\t\t\t<div class=\"elementor-element elementor-element-bfaefa5 elementor-widget__width-initial elementor-widget elementor-widget-button\" data-id=\"bfaefa5\" data-element_type=\"widget\" data-widget_type=\"button.default\">\n\t\t\t\t<div class=\"elementor-widget-container\">\n\t\t\t\t\t\t\t\t\t<div class=\"elementor-button-wrapper\">\n\t\t\t\t\t<a class=\"elementor-button elementor-button-link elementor-size-sm\" href=\"https:\/\/fahrion.de\/en\/\">\n\t\t\t\t\t\t<span class=\"elementor-button-content-wrapper\">\n\t\t\t\t\t\t\t\t\t<span class=\"elementor-button-text\">To Website<\/span>\n\t\t\t\t\t<\/span>\n\t\t\t\t\t<\/a>\n\t\t\t\t<\/div>\n\t\t\t\t\t\t\t\t<\/div>\n\t\t\t\t<\/div>\n\t\t\t\t<\/div>\n\t\t\t\t\t<\/div>\n\t\t\t\t<\/div>\n\t\t<div class=\"elementor-element elementor-element-8e456a4 e-con-full e-flex e-con e-parent\" data-id=\"8e456a4\" data-element_type=\"container\">\n\t\t\t\t<div class=\"elementor-element elementor-element-92446b8 elementor-absolute elementor-widget elementor-widget-image\" data-id=\"92446b8\" data-element_type=\"widget\" data-settings=\"{&quot;_position&quot;:&quot;absolute&quot;}\" data-widget_type=\"image.default\">\n\t\t\t\t<div class=\"elementor-widget-container\">\n\t\t\t\t\t\t\t\t\t\t\t\t\t\t\t<img fetchpriority=\"high\" decoding=\"async\" width=\"800\" height=\"567\" src=\"https:\/\/fahrion.de\/wp-content\/uploads\/2024\/08\/fahrion-spannzange.png\" class=\"attachment-full size-full wp-image-6406\" alt=\"FAHRION collet\" srcset=\"https:\/\/fahrion.de\/wp-content\/uploads\/2024\/08\/fahrion-spannzange.png 800w, https:\/\/fahrion.de\/wp-content\/uploads\/2024\/08\/fahrion-spannzange-300x213.png 300w, https:\/\/fahrion.de\/wp-content\/uploads\/2024\/08\/fahrion-spannzange-768x544.png 768w\" sizes=\"(max-width: 800px) 100vw, 800px\" \/>\t\t\t\t\t\t\t\t\t\t\t\t\t\t\t<\/div>\n\t\t\t\t<\/div>\n\t\t\t\t<div class=\"elementor-element elementor-element-58b9b68 elementor-absolute elementor-hidden-mobile elementor-widget elementor-widget-image\" data-id=\"58b9b68\" data-element_type=\"widget\" data-settings=\"{&quot;_position&quot;:&quot;absolute&quot;}\" data-widget_type=\"image.default\">\n\t\t\t\t<div class=\"elementor-widget-container\">\n\t\t\t\t\t\t\t\t\t\t\t\t\t\t\t<img fetchpriority=\"high\" decoding=\"async\" width=\"800\" height=\"567\" src=\"https:\/\/fahrion.de\/wp-content\/uploads\/2024\/08\/fahrion-spannzange.png\" class=\"attachment-full size-full wp-image-6406\" alt=\"FAHRION collet\" srcset=\"https:\/\/fahrion.de\/wp-content\/uploads\/2024\/08\/fahrion-spannzange.png 800w, https:\/\/fahrion.de\/wp-content\/uploads\/2024\/08\/fahrion-spannzange-300x213.png 300w, https:\/\/fahrion.de\/wp-content\/uploads\/2024\/08\/fahrion-spannzange-768x544.png 768w\" sizes=\"(max-width: 800px) 100vw, 800px\" \/>\t\t\t\t\t\t\t\t\t\t\t\t\t\t\t<\/div>\n\t\t\t\t<\/div>\n\t\t\t\t<\/div>\n\t\t<div class=\"elementor-element elementor-element-62f3a97 e-flex e-con-boxed e-con e-parent\" data-id=\"62f3a97\" data-element_type=\"container\" data-settings=\"{&quot;background_background&quot;:&quot;classic&quot;}\">\n\t\t\t\t\t<div class=\"e-con-inner\">\n\t\t\t\t<div class=\"elementor-element elementor-element-5574ac3 elementor-widget elementor-widget-heading\" data-id=\"5574ac3\" data-element_type=\"widget\" data-widget_type=\"heading.default\">\n\t\t\t\t<div class=\"elementor-widget-container\">\n\t\t\t\t\t<h2 class=\"elementor-heading-title elementor-size-default\">Why Are We the Right Choice<\/h2>\t\t\t\t<\/div>\n\t\t\t\t<\/div>\n\t\t\t\t<div class=\"elementor-element elementor-element-c5715ba elementor-icon-list--layout-traditional elementor-list-item-link-full_width elementor-widget elementor-widget-icon-list\" data-id=\"c5715ba\" data-element_type=\"widget\" data-widget_type=\"icon-list.default\">\n\t\t\t\t<div class=\"elementor-widget-container\">\n\t\t\t\t\t\t\t<ul class=\"elementor-icon-list-items\">\n\t\t\t\t\t\t\t<li class=\"elementor-icon-list-item\">\n\t\t\t\t\t\t\t\t\t\t\t<span class=\"elementor-icon-list-icon\">\n\t\t\t\t\t\t\t<svg aria-hidden=\"true\" class=\"e-font-icon-svg e-fas-circle\" viewBox=\"0 0 512 512\" xmlns=\"http:\/\/www.w3.org\/2000\/svg\"><path d=\"M256 8C119 8 8 119 8 256s111 248 248 248 248-111 248-248S393 8 256 8z\"><\/path><\/svg>\t\t\t\t\t\t<\/span>\n\t\t\t\t\t\t\t\t\t\t<span class=\"elementor-icon-list-text\">With over 115 years of experience in clamping tools with cylindrical shafts<\/span>\n\t\t\t\t\t\t\t\t\t<\/li>\n\t\t\t\t\t\t\t\t<li class=\"elementor-icon-list-item\">\n\t\t\t\t\t\t\t\t\t\t\t<span class=\"elementor-icon-list-icon\">\n\t\t\t\t\t\t\t<svg aria-hidden=\"true\" class=\"e-font-icon-svg e-fas-circle\" viewBox=\"0 0 512 512\" xmlns=\"http:\/\/www.w3.org\/2000\/svg\"><path d=\"M256 8C119 8 8 119 8 256s111 248 248 248 248-111 248-248S393 8 256 8z\"><\/path><\/svg>\t\t\t\t\t\t<\/span>\n\t\t\t\t\t\t\t\t\t\t<span class=\"elementor-icon-list-text\">High-precision quality products \u201eMade in Germany\u201c<\/span>\n\t\t\t\t\t\t\t\t\t<\/li>\n\t\t\t\t\t\t\t\t<li class=\"elementor-icon-list-item\">\n\t\t\t\t\t\t\t\t\t\t\t<span class=\"elementor-icon-list-icon\">\n\t\t\t\t\t\t\t<svg aria-hidden=\"true\" class=\"e-font-icon-svg e-fas-circle\" viewBox=\"0 0 512 512\" xmlns=\"http:\/\/www.w3.org\/2000\/svg\"><path d=\"M256 8C119 8 8 119 8 256s111 248 248 248 248-111 248-248S393 8 256 8z\"><\/path><\/svg>\t\t\t\t\t\t<\/span>\n\t\t\t\t\t\t\t\t\t\t<span class=\"elementor-icon-list-text\">A medium-sized family business in the 4th generation<\/span>\n\t\t\t\t\t\t\t\t\t<\/li>\n\t\t\t\t\t\t\t\t<li class=\"elementor-icon-list-item\">\n\t\t\t\t\t\t\t\t\t\t\t<span class=\"elementor-icon-list-icon\">\n\t\t\t\t\t\t\t<svg aria-hidden=\"true\" class=\"e-font-icon-svg e-fas-circle\" viewBox=\"0 0 512 512\" xmlns=\"http:\/\/www.w3.org\/2000\/svg\"><path d=\"M256 8C119 8 8 119 8 256s111 248 248 248 248-111 248-248S393 8 256 8z\"><\/path><\/svg>\t\t\t\t\t\t<\/span>\n\t\t\t\t\t\t\t\t\t\t<span class=\"elementor-icon-list-text\">Personal contact and individual consultation<\/span>\n\t\t\t\t\t\t\t\t\t<\/li>\n\t\t\t\t\t\t\t\t<li class=\"elementor-icon-list-item\">\n\t\t\t\t\t\t\t\t\t\t\t<span class=\"elementor-icon-list-icon\">\n\t\t\t\t\t\t\t<svg aria-hidden=\"true\" class=\"e-font-icon-svg e-fas-circle\" viewBox=\"0 0 512 512\" xmlns=\"http:\/\/www.w3.org\/2000\/svg\"><path d=\"M256 8C119 8 8 119 8 256s111 248 248 248 248-111 248-248S393 8 256 8z\"><\/path><\/svg>\t\t\t\t\t\t<\/span>\n\t\t\t\t\t\t\t\t\t\t<span class=\"elementor-icon-list-text\">Clamping systems and collets for milling, drilling, forming, reaming and threading<\/span>\n\t\t\t\t\t\t\t\t\t<\/li>\n\t\t\t\t\t\t<\/ul>\n\t\t\t\t\t\t<\/div>\n\t\t\t\t<\/div>\n\t\t<div class=\"elementor-element elementor-element-c894270 e-con-full e-flex e-con e-child\" data-id=\"c894270\" data-element_type=\"container\">\n\t\t\t\t<div class=\"elementor-element elementor-element-2c9cfd2 elementor-widget elementor-widget-button\" data-id=\"2c9cfd2\" data-element_type=\"widget\" data-widget_type=\"button.default\">\n\t\t\t\t<div class=\"elementor-widget-container\">\n\t\t\t\t\t\t\t\t\t<div class=\"elementor-button-wrapper\">\n\t\t\t\t\t<a class=\"elementor-button elementor-button-link elementor-size-sm\" href=\"https:\/\/fahrion.de\/en\/imprint\/\">\n\t\t\t\t\t\t<span class=\"elementor-button-content-wrapper\">\n\t\t\t\t\t\t<span class=\"elementor-button-icon\">\n\t\t\t\t<svg xmlns=\"http:\/\/www.w3.org\/2000\/svg\" xmlns:xlink=\"http:\/\/www.w3.org\/1999\/xlink\" width=\"14\" height=\"11.721\" viewBox=\"0 0 14 11.721\"><defs><clipPath id=\"clip-path\"><path id=\"Pfad_133\" data-name=\"Pfad 133\" d=\"M0-85.905H14V-97.626H0Z\" transform=\"translate(0 97.626)\" fill=\"none\"><\/path><\/clipPath><\/defs><g id=\"Gruppe_173\" data-name=\"Gruppe 173\" transform=\"translate(0 97.626)\"><g id=\"Gruppe_171\" data-name=\"Gruppe 171\" transform=\"translate(0 -97.626)\" clip-path=\"url(#clip-path)\"><g id=\"Gruppe_170\" data-name=\"Gruppe 170\" transform=\"translate(0 0)\"><path id=\"Pfad_132\" data-name=\"Pfad 132\" d=\"M-102.612-28.32a.351.351,0,0,0-.18-.335q-1.85-1.239-3.693-2.489l-1.54-1.04c0,.516,0,.987,0,1.458a.278.278,0,0,0,.141.265q1.641,1.112,3.276,2.234c.149.1.3.2.447.309a.507.507,0,0,1,.167.573.474.474,0,0,1-.444.342c-.1.009-.193.006-.289.006q-4.51,0-9.02,0c-.024,0-2.839,0-2.86,0v1.36c.018,0,2.83,0,2.852,0q4.555-.006,9.111,0a1.885,1.885,0,0,1,.235.008.494.494,0,0,1,.435.6.586.586,0,0,1-.28.383c-1.208.821-2.413,1.646-3.622,2.465a.29.29,0,0,0-.147.28c.009.351,0,.7,0,1.055v.387c.07-.044.1-.065.138-.088q2.578-1.746,5.158-3.49a.264.264,0,0,0,.115-.26c0-1.34,0-2.68,0-4.02\" transform=\"translate(116.612 32.184)\"><\/path><\/g><\/g><\/g><\/svg>\t\t\t<\/span>\n\t\t\t\t\t\t\t\t\t<span class=\"elementor-button-text\">Imprint<\/span>\n\t\t\t\t\t<\/span>\n\t\t\t\t\t<\/a>\n\t\t\t\t<\/div>\n\t\t\t\t\t\t\t\t<\/div>\n\t\t\t\t<\/div>\n\t\t\t\t<div class=\"elementor-element elementor-element-cadd807 elementor-widget elementor-widget-button\" data-id=\"cadd807\" data-element_type=\"widget\" data-widget_type=\"button.default\">\n\t\t\t\t<div class=\"elementor-widget-container\">\n\t\t\t\t\t\t\t\t\t<div class=\"elementor-button-wrapper\">\n\t\t\t\t\t<a class=\"elementor-button elementor-button-link elementor-size-sm\" href=\"https:\/\/fahrion.de\/en\/privacy-policy\/\">\n\t\t\t\t\t\t<span class=\"elementor-button-content-wrapper\">\n\t\t\t\t\t\t<span class=\"elementor-button-icon\">\n\t\t\t\t<svg xmlns=\"http:\/\/www.w3.org\/2000\/svg\" xmlns:xlink=\"http:\/\/www.w3.org\/1999\/xlink\" width=\"14\" height=\"11.721\" viewBox=\"0 0 14 11.721\"><defs><clipPath id=\"clip-path\"><path id=\"Pfad_133\" data-name=\"Pfad 133\" d=\"M0-85.905H14V-97.626H0Z\" transform=\"translate(0 97.626)\" fill=\"none\"><\/path><\/clipPath><\/defs><g id=\"Gruppe_173\" data-name=\"Gruppe 173\" transform=\"translate(0 97.626)\"><g id=\"Gruppe_171\" data-name=\"Gruppe 171\" transform=\"translate(0 -97.626)\" clip-path=\"url(#clip-path)\"><g id=\"Gruppe_170\" data-name=\"Gruppe 170\" transform=\"translate(0 0)\"><path id=\"Pfad_132\" data-name=\"Pfad 132\" d=\"M-102.612-28.32a.351.351,0,0,0-.18-.335q-1.85-1.239-3.693-2.489l-1.54-1.04c0,.516,0,.987,0,1.458a.278.278,0,0,0,.141.265q1.641,1.112,3.276,2.234c.149.1.3.2.447.309a.507.507,0,0,1,.167.573.474.474,0,0,1-.444.342c-.1.009-.193.006-.289.006q-4.51,0-9.02,0c-.024,0-2.839,0-2.86,0v1.36c.018,0,2.83,0,2.852,0q4.555-.006,9.111,0a1.885,1.885,0,0,1,.235.008.494.494,0,0,1,.435.6.586.586,0,0,1-.28.383c-1.208.821-2.413,1.646-3.622,2.465a.29.29,0,0,0-.147.28c.009.351,0,.7,0,1.055v.387c.07-.044.1-.065.138-.088q2.578-1.746,5.158-3.49a.264.264,0,0,0,.115-.26c0-1.34,0-2.68,0-4.02\" transform=\"translate(116.612 32.184)\"><\/path><\/g><\/g><\/g><\/svg>\t\t\t<\/span>\n\t\t\t\t\t\t\t\t\t<span class=\"elementor-button-text\">Privacy Policy<\/span>\n\t\t\t\t\t<\/span>\n\t\t\t\t\t<\/a>\n\t\t\t\t<\/div>\n\t\t\t\t\t\t\t\t<\/div>\n\t\t\t\t<\/div>\n\t\t\t\t<\/div>\n\t\t\t\t\t<\/div>\n\t\t\t\t<\/div>\n\t\t\t\t<\/div>\n\t\t","protected":false},"excerpt":{"rendered":"<p>Fahrion Your manufacturer of high-precision clamping systems and collets, used worldwide. For over 115 years, \u201eMade in Germany\u201c. To Contact-Page To Career-Page To Website Why Are We the Right Choice With over 115 years of experience in clamping tools with cylindrical shafts High-precision quality products \u201eMade in Germany\u201c A medium-sized family business in the 4th [&hellip;]<\/p>\n","protected":false},"author":1,"featured_media":0,"parent":0,"menu_order":60,"comment_status":"closed","ping_status":"closed","template":"","meta":{"_seopress_robots_primary_cat":"","_seopress_titles_title":"Kontakt | FAHRION \u2013 Spannsysteme f\u00fcr h\u00f6chste Pr\u00e4zision","_seopress_titles_desc":"Kontaktieren Sie FAHRION \u2013 Ihr Partner f\u00fcr hochpr\u00e4zise Spannsysteme mit \u00fcber 115 Jahren Erfahrung. Individuelle L\u00f6sungen f\u00fcr maximale Produktivit\u00e4t.","_seopress_robots_index":"","inline_featured_image":false,"footnotes":""},"class_list":["post-7274","page","type-page","status-publish","hentry"],"_links":{"self":[{"href":"https:\/\/fahrion.de\/en\/wp-json\/wp\/v2\/pages\/7274","targetHints":{"allow":["GET"]}}],"collection":[{"href":"https:\/\/fahrion.de\/en\/wp-json\/wp\/v2\/pages"}],"about":[{"href":"https:\/\/fahrion.de\/en\/wp-json\/wp\/v2\/types\/page"}],"author":[{"embeddable":true,"href":"https:\/\/fahrion.de\/en\/wp-json\/wp\/v2\/users\/1"}],"replies":[{"embeddable":true,"href":"https:\/\/fahrion.de\/en\/wp-json\/wp\/v2\/comments?post=7274"}],"version-history":[{"count":1,"href":"https:\/\/fahrion.de\/en\/wp-json\/wp\/v2\/pages\/7274\/revisions"}],"predecessor-version":[{"id":20788,"href":"https:\/\/fahrion.de\/en\/wp-json\/wp\/v2\/pages\/7274\/revisions\/20788"}],"wp:attachment":[{"href":"https:\/\/fahrion.de\/en\/wp-json\/wp\/v2\/media?parent=7274"}],"curies":[{"name":"wp","href":"https:\/\/api.w.org\/{rel}","templated":true}]}}